{"id":627,"date":"2026-01-19T19:30:27","date_gmt":"2026-01-19T19:30:27","guid":{"rendered":"https:\/\/belvento.es\/?page_id=627"},"modified":"2026-03-03T17:48:49","modified_gmt":"2026-03-03T17:48:49","slug":"contacto","status":"publish","type":"page","link":"https:\/\/belvento.es\/index.php\/contacto\/","title":{"rendered":"Contacto"},"content":{"rendered":"\t\t<div data-elementor-type=\"wp-page\" data-elementor-id=\"627\" class=\"elementor elementor-627\" data-elementor-post-type=\"page\">\n\t\t\t\t\t\t<section class=\"elementor-section elementor-top-section elementor-element elementor-element-13e53ac0 elementor-section-boxed elementor-section-height-default elementor-section-height-default\" data-id=\"13e53ac0\" data-element_type=\"section\" data-e-type=\"section\" data-settings=\"{&quot;background_background&quot;:&quot;classic&quot;}\">\n\t\t\t\t\t\t\t<div class=\"elementor-background-overlay\"><\/div>\n\t\t\t\t\t\t\t<div class=\"elementor-container elementor-column-gap-default\">\n\t\t\t\t\t<div class=\"elementor-column elementor-col-100 elementor-top-column elementor-element elementor-element-49fa3a37\" data-id=\"49fa3a37\" data-element_type=\"column\" data-e-type=\"column\">\n\t\t\t<div class=\"elementor-widget-wrap elementor-element-populated\">\n\t\t\t\t\t\t<div class=\"elementor-element elementor-element-178e0409 elementor-invisible elementor-widget elementor-widget-heading\" data-id=\"178e0409\" data-element_type=\"widget\" data-e-type=\"widget\" data-settings=\"{&quot;_animation_delay&quot;:&quot;200&quot;,&quot;_animation&quot;:&quot;fadeInUp&quot;}\" data-widget_type=\"heading.default\">\n\t\t\t\t\t<h1 class=\"elementor-heading-title elementor-size-default\">Contacto<\/h1>\t\t\t\t<\/div>\n\t\t\t\t\t<\/div>\n\t\t<\/div>\n\t\t\t\t\t<\/div>\n\t\t<\/section>\n\t\t\t\t<section class=\"elementor-section elementor-top-section elementor-element elementor-element-ef76ad2 elementor-section-boxed elementor-section-height-default elementor-section-height-default\" data-id=\"ef76ad2\" data-element_type=\"section\" data-e-type=\"section\">\n\t\t\t\t\t\t<div class=\"elementor-container elementor-column-gap-default\">\n\t\t\t\t\t<div class=\"elementor-column elementor-col-50 elementor-top-column elementor-element elementor-element-6e74388\" data-id=\"6e74388\" data-element_type=\"column\" data-e-type=\"column\">\n\t\t\t<div class=\"elementor-widget-wrap elementor-element-populated\">\n\t\t\t\t\t\t<div class=\"elementor-element elementor-element-1a6eafe1 elementor-invisible elementor-widget elementor-widget-heading\" data-id=\"1a6eafe1\" data-element_type=\"widget\" data-e-type=\"widget\" data-settings=\"{&quot;_animation&quot;:&quot;fadeInUp&quot;}\" data-widget_type=\"heading.default\">\n\t\t\t\t\t<h2 class=\"elementor-heading-title elementor-size-default\">Cu\u00e9ntanos tu idea, nosotros ponemos la m\u00fasica<\/h2>\t\t\t\t<\/div>\n\t\t\t\t<div class=\"elementor-element elementor-element-3fa20c66 elementor-widget elementor-widget-text-editor\" data-id=\"3fa20c66\" data-element_type=\"widget\" data-e-type=\"widget\" data-widget_type=\"text-editor.default\">\n\t\t\t\t\t\t\t\t\t<p data-start=\"447\" data-end=\"627\">Cada celebraci\u00f3n empieza con una conversaci\u00f3n. En Belvento estaremos encantados de escuchar tu propuesta y ayudarte a dise\u00f1ar la experiencia musical que mejor encaje con tu evento.<\/p><p data-start=\"629\" data-end=\"811\">Si est\u00e1s organizando una boda, ceremonia o celebraci\u00f3n social en Ontinyent o en la provincia de Valencia, escr\u00edbenos sin compromiso. Te asesoraremos de forma cercana y personalizada.<\/p>\t\t\t\t\t\t\t\t<\/div>\n\t\t\t\t<section class=\"elementor-section elementor-inner-section elementor-element elementor-element-114a7451 elementor-section-boxed elementor-section-height-default elementor-section-height-default\" data-id=\"114a7451\" data-element_type=\"section\" data-e-type=\"section\">\n\t\t\t\t\t\t<div class=\"elementor-container elementor-column-gap-default\">\n\t\t\t\t\t<div class=\"elementor-column elementor-col-50 elementor-inner-column elementor-element elementor-element-5b4ffc64\" data-id=\"5b4ffc64\" data-element_type=\"column\" data-e-type=\"column\">\n\t\t\t<div class=\"elementor-widget-wrap elementor-element-populated\">\n\t\t\t\t\t\t<div class=\"elementor-element elementor-element-124f28bd elementor-view-stacked elementor-shape-circle elementor-position-block-start elementor-mobile-position-block-start elementor-widget elementor-widget-icon-box\" data-id=\"124f28bd\" data-element_type=\"widget\" data-e-type=\"widget\" data-widget_type=\"icon-box.default\">\n\t\t\t\t\t\t\t<div class=\"elementor-icon-box-wrapper\">\n\n\t\t\t\t\t\t<div class=\"elementor-icon-box-icon\">\n\t\t\t\t<span  class=\"elementor-icon\">\n\t\t\t\t<svg aria-hidden=\"true\" class=\"e-font-icon-svg e-fas-phone-alt\" viewBox=\"0 0 512 512\" xmlns=\"http:\/\/www.w3.org\/2000\/svg\"><path d=\"M497.39 361.8l-112-48a24 24 0 0 0-28 6.9l-49.6 60.6A370.66 370.66 0 0 1 130.6 204.11l60.6-49.6a23.94 23.94 0 0 0 6.9-28l-48-112A24.16 24.16 0 0 0 122.6.61l-104 24A24 24 0 0 0 0 48c0 256.5 207.9 464 464 464a24 24 0 0 0 23.4-18.6l24-104a24.29 24.29 0 0 0-14.01-27.6z\"><\/path><\/svg>\t\t\t\t<\/span>\n\t\t\t<\/div>\n\t\t\t\n\t\t\t\t\t\t<div class=\"elementor-icon-box-content\">\n\n\t\t\t\t\t\t\t\t\t<h5 class=\"elementor-icon-box-title\">\n\t\t\t\t\t\t<span  >\n\t\t\t\t\t\t\tTel\u00e9fono:\t\t\t\t\t\t<\/span>\n\t\t\t\t\t<\/h5>\n\t\t\t\t\n\t\t\t\t\t\t\t\t\t<p class=\"elementor-icon-box-description\">\n\t\t\t\t\t\t633 86 99 01\t\t\t\t\t<\/p>\n\t\t\t\t\n\t\t\t<\/div>\n\t\t\t\n\t\t<\/div>\n\t\t\t\t\t\t<\/div>\n\t\t\t\t\t<\/div>\n\t\t<\/div>\n\t\t\t\t<div class=\"elementor-column elementor-col-50 elementor-inner-column elementor-element elementor-element-2ab08f68\" data-id=\"2ab08f68\" data-element_type=\"column\" data-e-type=\"column\">\n\t\t\t<div class=\"elementor-widget-wrap elementor-element-populated\">\n\t\t\t\t\t\t<div class=\"elementor-element elementor-element-26f39593 elementor-view-stacked elementor-shape-circle elementor-position-block-start elementor-mobile-position-block-start elementor-widget elementor-widget-icon-box\" data-id=\"26f39593\" data-element_type=\"widget\" data-e-type=\"widget\" data-widget_type=\"icon-box.default\">\n\t\t\t\t\t\t\t<div class=\"elementor-icon-box-wrapper\">\n\n\t\t\t\t\t\t<div class=\"elementor-icon-box-icon\">\n\t\t\t\t<span  class=\"elementor-icon\">\n\t\t\t\t<svg aria-hidden=\"true\" class=\"e-font-icon-svg e-fas-envelope\" viewBox=\"0 0 512 512\" xmlns=\"http:\/\/www.w3.org\/2000\/svg\"><path d=\"M502.3 190.8c3.9-3.1 9.7-.2 9.7 4.7V400c0 26.5-21.5 48-48 48H48c-26.5 0-48-21.5-48-48V195.6c0-5 5.7-7.8 9.7-4.7 22.4 17.4 52.1 39.5 154.1 113.6 21.1 15.4 56.7 47.8 92.2 47.6 35.7.3 72-32.8 92.3-47.6 102-74.1 131.6-96.3 154-113.7zM256 320c23.2.4 56.6-29.2 73.4-41.4 132.7-96.3 142.8-104.7 173.4-128.7 5.8-4.5 9.2-11.5 9.2-18.9v-19c0-26.5-21.5-48-48-48H48C21.5 64 0 85.5 0 112v19c0 7.4 3.4 14.3 9.2 18.9 30.6 23.9 40.7 32.4 173.4 128.7 16.8 12.2 50.2 41.8 73.4 41.4z\"><\/path><\/svg>\t\t\t\t<\/span>\n\t\t\t<\/div>\n\t\t\t\n\t\t\t\t\t\t<div class=\"elementor-icon-box-content\">\n\n\t\t\t\t\t\t\t\t\t<h5 class=\"elementor-icon-box-title\">\n\t\t\t\t\t\t<span  >\n\t\t\t\t\t\t\tEmail:\t\t\t\t\t\t<\/span>\n\t\t\t\t\t<\/h5>\n\t\t\t\t\n\t\t\t\t\t\t\t\t\t<p class=\"elementor-icon-box-description\">\n\t\t\t\t\t\tinfo@belvento.es\t\t\t\t\t<\/p>\n\t\t\t\t\n\t\t\t<\/div>\n\t\t\t\n\t\t<\/div>\n\t\t\t\t\t\t<\/div>\n\t\t\t\t\t<\/div>\n\t\t<\/div>\n\t\t\t\t\t<\/div>\n\t\t<\/section>\n\t\t\t\t<div class=\"elementor-element elementor-element-10a55b6d elementor-widget elementor-widget-spacer\" data-id=\"10a55b6d\" data-element_type=\"widget\" data-e-type=\"widget\" data-widget_type=\"spacer.default\">\n\t\t\t\t\t\t\t<div class=\"elementor-spacer\">\n\t\t\t<div class=\"elementor-spacer-inner\"><\/div>\n\t\t<\/div>\n\t\t\t\t\t\t<\/div>\n\t\t\t\t\t<\/div>\n\t\t<\/div>\n\t\t\t\t<div class=\"elementor-column elementor-col-50 elementor-top-column elementor-element elementor-element-750f490a\" data-id=\"750f490a\" data-element_type=\"column\" data-e-type=\"column\">\n\t\t\t<div class=\"elementor-widget-wrap elementor-element-populated\">\n\t\t\t\t\t\t<div class=\"elementor-element elementor-element-2235905 elementor-widget elementor-widget-image\" data-id=\"2235905\" data-element_type=\"widget\" data-e-type=\"widget\" data-widget_type=\"image.default\">\n\t\t\t\t\t\t\t\t\t\t\t\t\t\t\t<img fetchpriority=\"high\" decoding=\"async\" width=\"734\" height=\"1024\" src=\"https:\/\/belvento.es\/wp-content\/uploads\/2025\/10\/pareja-cubriendo-caras-con-discos-de-vinilo-en-fiesta-734x1024.jpg\" class=\"attachment-large size-large wp-image-274\" alt=\"\" srcset=\"https:\/\/belvento.es\/wp-content\/uploads\/2025\/10\/pareja-cubriendo-caras-con-discos-de-vinilo-en-fiesta-734x1024.jpg 734w, https:\/\/belvento.es\/wp-content\/uploads\/2025\/10\/pareja-cubriendo-caras-con-discos-de-vinilo-en-fiesta-215x300.jpg 215w, https:\/\/belvento.es\/wp-content\/uploads\/2025\/10\/pareja-cubriendo-caras-con-discos-de-vinilo-en-fiesta-768x1072.jpg 768w, https:\/\/belvento.es\/wp-content\/uploads\/2025\/10\/pareja-cubriendo-caras-con-discos-de-vinilo-en-fiesta-1100x1536.jpg 1100w, https:\/\/belvento.es\/wp-content\/uploads\/2025\/10\/pareja-cubriendo-caras-con-discos-de-vinilo-en-fiesta-1467x2048.jpg 1467w, https:\/\/belvento.es\/wp-content\/uploads\/2025\/10\/pareja-cubriendo-caras-con-discos-de-vinilo-en-fiesta-scaled.jpg 1834w\" sizes=\"(max-width: 734px) 100vw, 734px\" \/>\t\t\t\t\t\t\t\t\t\t\t\t\t\t\t<\/div>\n\t\t\t\t\t<\/div>\n\t\t<\/div>\n\t\t\t\t\t<\/div>\n\t\t<\/section>\n\t\t\t\t<section class=\"elementor-section elementor-top-section elementor-element elementor-element-54fb497 elementor-section-boxed elementor-section-height-default elementor-section-height-default\" data-id=\"54fb497\" data-element_type=\"section\" data-e-type=\"section\">\n\t\t\t\t\t\t<div class=\"elementor-container elementor-column-gap-default\">\n\t\t\t\t\t<div class=\"elementor-column elementor-col-100 elementor-top-column elementor-element elementor-element-fb89aba\" data-id=\"fb89aba\" data-element_type=\"column\" data-e-type=\"column\">\n\t\t\t<div class=\"elementor-widget-wrap elementor-element-populated\">\n\t\t\t\t\t\t<div class=\"elementor-element elementor-element-ade98c0 elementor-widget elementor-widget-heading\" data-id=\"ade98c0\" data-element_type=\"widget\" data-e-type=\"widget\" data-widget_type=\"heading.default\">\n\t\t\t\t\t<h6 class=\"elementor-heading-title elementor-size-default\">Completa el formulario y nos pondremos en contacto contigo lo antes posible.<\/h6>\t\t\t\t<\/div>\n\t\t\t\t<div class=\"elementor-element elementor-element-8f63fe1 elementor-button-align-stretch elementor-widget elementor-widget-form\" data-id=\"8f63fe1\" data-element_type=\"widget\" data-e-type=\"widget\" data-settings=\"{&quot;button_width&quot;:&quot;50&quot;,&quot;step_next_label&quot;:&quot;Siguiente&quot;,&quot;step_previous_label&quot;:&quot;Anterior&quot;,&quot;step_type&quot;:&quot;number_text&quot;,&quot;step_icon_shape&quot;:&quot;circle&quot;}\" data-widget_type=\"form.default\">\n\t\t\t\t\t\t\t<form class=\"elementor-form\" method=\"post\" name=\"Nuevo formulario\" aria-label=\"Nuevo formulario\">\n\t\t\t<input type=\"hidden\" name=\"post_id\" value=\"627\"\/>\n\t\t\t<input type=\"hidden\" name=\"form_id\" value=\"8f63fe1\"\/>\n\t\t\t<input type=\"hidden\" name=\"referer_title\" value=\"Contacto\" \/>\n\n\t\t\t\t\t\t\t<input type=\"hidden\" name=\"queried_id\" value=\"627\"\/>\n\t\t\t\n\t\t\t<div class=\"elementor-form-fields-wrapper elementor-labels-above\">\n\t\t\t\t\t\t\t\t<div class=\"elementor-field-type-text elementor-field-group elementor-column elementor-field-group-name elementor-col-100\">\n\t\t\t\t\t\t\t\t\t\t\t\t<label for=\"form-field-name\" class=\"elementor-field-label\">\n\t\t\t\t\t\t\t\tNombre\t\t\t\t\t\t\t<\/label>\n\t\t\t\t\t\t\t\t\t\t\t\t\t\t<input size=\"1\" type=\"text\" name=\"form_fields[name]\" id=\"form-field-name\" class=\"elementor-field elementor-size-sm  elementor-field-textual\" placeholder=\"Nombre\">\n\t\t\t\t\t\t\t\t\t\t\t<\/div>\n\t\t\t\t\t\t\t\t<div class=\"elementor-field-type-email elementor-field-group elementor-column elementor-field-group-email elementor-col-100 elementor-field-required\">\n\t\t\t\t\t\t\t\t\t\t\t\t<label for=\"form-field-email\" class=\"elementor-field-label\">\n\t\t\t\t\t\t\t\tCorreo electr\u00f3nico\t\t\t\t\t\t\t<\/label>\n\t\t\t\t\t\t\t\t\t\t\t\t\t\t<input size=\"1\" type=\"email\" name=\"form_fields[email]\" id=\"form-field-email\" class=\"elementor-field elementor-size-sm  elementor-field-textual\" placeholder=\"Correo electr\u00f3nico\" required=\"required\">\n\t\t\t\t\t\t\t\t\t\t\t<\/div>\n\t\t\t\t\t\t\t\t<div class=\"elementor-field-type-text elementor-field-group elementor-column elementor-field-group-field_642a5e3 elementor-col-100\">\n\t\t\t\t\t\t\t\t\t\t\t\t<label for=\"form-field-field_642a5e3\" class=\"elementor-field-label\">\n\t\t\t\t\t\t\t\tN\u00famero de tel\u00e9fono:\t\t\t\t\t\t\t<\/label>\n\t\t\t\t\t\t\t\t\t\t\t\t\t\t<input size=\"1\" type=\"text\" name=\"form_fields[field_642a5e3]\" id=\"form-field-field_642a5e3\" class=\"elementor-field elementor-size-sm  elementor-field-textual\" placeholder=\"Tel\u00e9fono\">\n\t\t\t\t\t\t\t\t\t\t\t<\/div>\n\t\t\t\t\t\t\t\t<div class=\"elementor-field-type-select elementor-field-group elementor-column elementor-field-group-field_bfbc5f2 elementor-col-100 elementor-field-type-select-multiple\">\n\t\t\t\t\t\t\t\t\t\t\t\t<label for=\"form-field-field_bfbc5f2\" class=\"elementor-field-label\">\n\t\t\t\t\t\t\t\tTipo de evento\t\t\t\t\t\t\t<\/label>\n\t\t\t\t\t\t\t\t<div class=\"elementor-field elementor-select-wrapper remove-before \">\n\t\t\t<div class=\"select-caret-down-wrapper\">\n\t\t\t\t\t\t\t<\/div>\n\t\t\t<select name=\"form_fields[field_bfbc5f2][]\" id=\"form-field-field_bfbc5f2\" class=\"elementor-field-textual elementor-size-sm\" multiple=\"\" size=\"2\">\n\t\t\t\t\t\t\t\t\t<option value=\"Boda: ceremonia civil\">Boda: ceremonia civil<\/option>\n\t\t\t\t\t\t\t\t\t<option value=\"Boda: ceremonia religiosa\">Boda: ceremonia religiosa<\/option>\n\t\t\t\t\t\t\t\t\t<option value=\"Evento social \/ celebraci\u00f3n privada\">Evento social \/ celebraci\u00f3n privada<\/option>\n\t\t\t\t\t\t\t\t\t<option value=\"Recital o Concierto\">Recital o Concierto<\/option>\n\t\t\t\t\t\t\t<\/select>\n\t\t<\/div>\n\t\t\t\t\t\t<\/div>\n\t\t\t\t\t\t\t\t<div class=\"elementor-field-type-date elementor-field-group elementor-column elementor-field-group-field_84b0cd3 elementor-col-100\">\n\t\t\t\t\t\t\t\t\t\t\t\t<label for=\"form-field-field_84b0cd3\" class=\"elementor-field-label\">\n\t\t\t\t\t\t\t\tFecha del evento\t\t\t\t\t\t\t<\/label>\n\t\t\t\t\t\t\n\t\t<input type=\"date\" name=\"form_fields[field_84b0cd3]\" id=\"form-field-field_84b0cd3\" class=\"elementor-field elementor-size-sm  elementor-field-textual elementor-date-field\" placeholder=\"00\/00\/0000\" pattern=\"[0-9]{4}-[0-9]{2}-[0-9]{2}\">\n\t\t\t\t\t\t<\/div>\n\t\t\t\t\t\t\t\t<div class=\"elementor-field-type-text elementor-field-group elementor-column elementor-field-group-field_ed02553 elementor-col-100\">\n\t\t\t\t\t\t\t\t\t\t\t\t<label for=\"form-field-field_ed02553\" class=\"elementor-field-label\">\n\t\t\t\t\t\t\t\tLocalidad del evento:\t\t\t\t\t\t\t<\/label>\n\t\t\t\t\t\t\t\t\t\t\t\t\t\t<input size=\"1\" type=\"text\" name=\"form_fields[field_ed02553]\" id=\"form-field-field_ed02553\" class=\"elementor-field elementor-size-sm  elementor-field-textual\" placeholder=\"Localidad del evento\">\n\t\t\t\t\t\t\t\t\t\t\t<\/div>\n\t\t\t\t\t\t\t\t<div class=\"elementor-field-type-checkbox elementor-field-group elementor-column elementor-field-group-field_024f363 elementor-col-100\">\n\t\t\t\t\t\t\t\t\t\t\t\t<label for=\"form-field-field_024f363\" class=\"elementor-field-label\">\n\t\t\t\t\t\t\t\t\u00bfEn qu\u00e9 momento del evento te gustar\u00eda contar con m\u00fasica?\t\t\t\t\t\t\t<\/label>\n\t\t\t\t\t\t<div class=\"elementor-field-subgroup  \"><span class=\"elementor-field-option\"><input type=\"checkbox\" value=\"Ceremonia\" id=\"form-field-field_024f363-0\" name=\"form_fields[field_024f363][]\"> <label for=\"form-field-field_024f363-0\">Ceremonia<\/label><\/span><span class=\"elementor-field-option\"><input type=\"checkbox\" value=\"C\u00f3ctel \/ banquete\" id=\"form-field-field_024f363-1\" name=\"form_fields[field_024f363][]\"> <label for=\"form-field-field_024f363-1\">C\u00f3ctel \/ banquete<\/label><\/span><span class=\"elementor-field-option\"><input type=\"checkbox\" value=\"Fiesta\" id=\"form-field-field_024f363-2\" name=\"form_fields[field_024f363][]\"> <label for=\"form-field-field_024f363-2\">Fiesta<\/label><\/span><span class=\"elementor-field-option\"><input type=\"checkbox\" value=\"Servicio completo\" id=\"form-field-field_024f363-3\" name=\"form_fields[field_024f363][]\"> <label for=\"form-field-field_024f363-3\">Servicio completo<\/label><\/span><span class=\"elementor-field-option\"><input type=\"checkbox\" value=\"A\u00fan no lo tengo claro\" id=\"form-field-field_024f363-4\" name=\"form_fields[field_024f363][]\"> <label for=\"form-field-field_024f363-4\">A\u00fan no lo tengo claro<\/label><\/span><\/div>\t\t\t\t<\/div>\n\t\t\t\t\t\t\t\t<div class=\"elementor-field-type-checkbox elementor-field-group elementor-column elementor-field-group-field_5c99ae5 elementor-col-100\">\n\t\t\t\t\t\t\t\t\t\t\t\t<label for=\"form-field-field_5c99ae5\" class=\"elementor-field-label\">\n\t\t\t\t\t\t\t\t\u00bfTe interesa m\u00fasica en directo, DJ o una combinaci\u00f3n de ambos?\t\t\t\t\t\t\t<\/label>\n\t\t\t\t\t\t<div class=\"elementor-field-subgroup  \"><span class=\"elementor-field-option\"><input type=\"checkbox\" value=\"M\u00fasica en directo\" id=\"form-field-field_5c99ae5-0\" name=\"form_fields[field_5c99ae5][]\"> <label for=\"form-field-field_5c99ae5-0\">M\u00fasica en directo<\/label><\/span><span class=\"elementor-field-option\"><input type=\"checkbox\" value=\"DJ\" id=\"form-field-field_5c99ae5-1\" name=\"form_fields[field_5c99ae5][]\"> <label for=\"form-field-field_5c99ae5-1\">DJ<\/label><\/span><span class=\"elementor-field-option\"><input type=\"checkbox\" value=\"M\u00fasica en directo + DJ\" id=\"form-field-field_5c99ae5-2\" name=\"form_fields[field_5c99ae5][]\"> <label for=\"form-field-field_5c99ae5-2\">M\u00fasica en directo + DJ<\/label><\/span><span class=\"elementor-field-option\"><input type=\"checkbox\" value=\"Necesito asesoramiento\" id=\"form-field-field_5c99ae5-3\" name=\"form_fields[field_5c99ae5][]\"> <label for=\"form-field-field_5c99ae5-3\">Necesito asesoramiento<\/label><\/span><\/div>\t\t\t\t<\/div>\n\t\t\t\t\t\t\t\t<div class=\"elementor-field-type-textarea elementor-field-group elementor-column elementor-field-group-message elementor-col-100\">\n\t\t\t\t\t\t\t\t\t\t\t\t<label for=\"form-field-message\" class=\"elementor-field-label\">\n\t\t\t\t\t\t\t\tCu\u00e9ntanos cualquier detalle que consideres importante\t\t\t\t\t\t\t<\/label>\n\t\t\t\t\t\t<textarea class=\"elementor-field-textual elementor-field  elementor-size-sm\" name=\"form_fields[message]\" id=\"form-field-message\" rows=\"4\" placeholder=\"Ej.: canciones especiales, tipo de ambiente, espacio, n\u00famero de invitados, etc.\"><\/textarea>\t\t\t\t<\/div>\n\t\t\t\t\t\t\t\t<div class=\"elementor-field-group elementor-column elementor-field-type-submit elementor-col-50 e-form__buttons\">\n\t\t\t\t\t<button class=\"elementor-button elementor-size-md\" type=\"submit\">\n\t\t\t\t\t\t<span class=\"elementor-button-content-wrapper\">\n\t\t\t\t\t\t\t\t\t\t\t\t\t\t\t\t\t\t\t\t\t\t<span class=\"elementor-button-text\">Enviar<\/span>\n\t\t\t\t\t\t\t\t\t\t\t\t\t<\/span>\n\t\t\t\t\t<\/button>\n\t\t\t\t<\/div>\n\t\t\t<\/div>\n\t\t<\/form>\n\t\t\t\t\t\t<\/div>\n\t\t\t\t<div class=\"elementor-element elementor-element-9afaf6c elementor-widget elementor-widget-spacer\" data-id=\"9afaf6c\" data-element_type=\"widget\" data-e-type=\"widget\" data-widget_type=\"spacer.default\">\n\t\t\t\t\t\t\t<div class=\"elementor-spacer\">\n\t\t\t<div class=\"elementor-spacer-inner\"><\/div>\n\t\t<\/div>\n\t\t\t\t\t\t<\/div>\n\t\t\t\t\t<\/div>\n\t\t<\/div>\n\t\t\t\t\t<\/div>\n\t\t<\/section>\n\t\t<div class=\"elementor-element elementor-element-6a9c8f9 e-grid e-con-boxed e-con e-parent\" data-id=\"6a9c8f9\" data-element_type=\"container\" data-e-type=\"container\">\n\t\t\t\t\t<div class=\"e-con-inner\">\n\t\t\t\t<div class=\"elementor-element elementor-element-0cd275f elementor-widget elementor-widget-heading\" data-id=\"0cd275f\" data-element_type=\"widget\" data-e-type=\"widget\" data-widget_type=\"heading.default\">\n\t\t\t\t\t<h2 class=\"elementor-heading-title elementor-size-default\">Belvento \u00b7 M\u00fasica para bodas y eventos en Ontinyent y Valencia<\/h2>\t\t\t\t<\/div>\n\t\t\t\t<div class=\"elementor-element elementor-element-d56f353 elementor-widget elementor-widget-text-editor\" data-id=\"d56f353\" data-element_type=\"widget\" data-e-type=\"widget\" data-widget_type=\"text-editor.default\">\n\t\t\t\t\t\t\t\t\t<p>Especialistas en m\u00fasica en directo, ceremonias, c\u00f3cteles y celebraciones sociales. Trato cercano, calidad art\u00edstica y experiencia profesional.<\/p>\t\t\t\t\t\t\t\t<\/div>\n\t\t\t\t\t<\/div>\n\t\t\t\t<\/div>\n\t\t\t\t<\/div>\n\t\t","protected":false},"excerpt":{"rendered":"<p>Contacto Cu\u00e9ntanos tu idea, nosotros ponemos la m\u00fasica Cada celebraci\u00f3n empieza con una conversaci\u00f3n. En Belvento estaremos encantados de escuchar tu propuesta y ayudarte a dise\u00f1ar la experiencia musical que mejor encaje con tu evento. Si est\u00e1s organizando una boda, ceremonia o celebraci\u00f3n social en Ontinyent o en la provincia de Valencia, escr\u00edbenos sin compromiso. [&hellip;]<\/p>\n","protected":false},"author":1,"featured_media":0,"parent":0,"menu_order":0,"comment_status":"closed","ping_status":"closed","template":"","meta":{"footnotes":""},"class_list":["post-627","page","type-page","status-publish","hentry"],"_links":{"self":[{"href":"https:\/\/belvento.es\/index.php\/wp-json\/wp\/v2\/pages\/627","targetHints":{"allow":["GET"]}}],"collection":[{"href":"https:\/\/belvento.es\/index.php\/wp-json\/wp\/v2\/pages"}],"about":[{"href":"https:\/\/belvento.es\/index.php\/wp-json\/wp\/v2\/types\/page"}],"author":[{"embeddable":true,"href":"https:\/\/belvento.es\/index.php\/wp-json\/wp\/v2\/users\/1"}],"replies":[{"embeddable":true,"href":"https:\/\/belvento.es\/index.php\/wp-json\/wp\/v2\/comments?post=627"}],"version-history":[{"count":82,"href":"https:\/\/belvento.es\/index.php\/wp-json\/wp\/v2\/pages\/627\/revisions"}],"predecessor-version":[{"id":1130,"href":"https:\/\/belvento.es\/index.php\/wp-json\/wp\/v2\/pages\/627\/revisions\/1130"}],"wp:attachment":[{"href":"https:\/\/belvento.es\/index.php\/wp-json\/wp\/v2\/media?parent=627"}],"curies":[{"name":"wp","href":"https:\/\/api.w.org\/{rel}","templated":true}]}}